{"id":70,"date":"2022-12-10T22:18:23","date_gmt":"2022-12-10T22:18:23","guid":{"rendered":"https:\/\/larrypeninsula.com\/?page_id=70"},"modified":"2026-04-26T19:20:35","modified_gmt":"2026-04-26T19:20:35","slug":"live","status":"publish","type":"page","link":"https:\/\/larrypeninsula.com\/?page_id=70","title":{"rendered":"LIVE"},"content":{"rendered":"\n<p><strong>2026<\/strong><\/p>\n\n\n\n<p>01.01.2026 Hank Williams tribute, Mendocino, Helsinki<\/p>\n\n\n\n<p>24.01.2026 Kairo, Kotka (The Finnish Highwaymen)<\/p>\n\n\n\n<p>17.02.2026 Semifinal, Helsinki (The Werewolves of Helsinki show)<\/p>\n\n\n\n<p>19.02.2026 Chicago 1933, Tallinn, Estonia<\/p>\n\n\n\n<p>20.02.2026 Scotland Yard, Tallinn, Estonia<\/p>\n\n\n\n<p>21.02.2026 Sellosalin l\u00e4mpi\u00f6klubi, Espoo (The Finnish Highwaymen)<\/p>\n\n\n\n<p>19.03.2026 On The Rocks, Helsinki (Opening for Hayseed Dixie)<\/p>\n\n\n\n<p>02.04.2026 Paapan Kapakka, Tampere (Country Club -vierailu)<\/p>\n\n\n\n<p>04.04.2026 Henry&#8217;s Music Bar, Helsinki<\/p>\n\n\n\n<p>11.04.2026 Pub Artturi, J\u00e4rvenp\u00e4\u00e4<\/p>\n\n\n\n<p>18.04.2026 Siipisaluuna, Lemp\u00e4\u00e4l\u00e4<\/p>\n\n\n\n<p>25.04.2026 Grillitukku Grill Fest, Joensuu<\/p>\n\n\n\n<p>01.05.2026 Snadi Pub, Helsinki <\/p>\n\n\n\n<p>02.05.2026 Pub Crossari, Viiala<\/p>\n\n\n\n<p>07.05.2026 T\u00e4hti, Vallilan Konepaja, Helsinki (The Werewolves Of Helsinki -show)<\/p>\n\n\n\n<p>09.05.2026 Esseg\u00e5rden, \u00c4ht\u00e4v\u00e4 (With Jorma Lover &amp; The Others)<\/p>\n\n\n\n<p>15.05.2026 Frans Henrikssons salen, N\u00e4rpi\u00f6 (with Jorma Lover &amp; The Others)<\/p>\n\n\n\n<p>22.05.2026 Monkey Island, Alavus (with Jorma Lover &amp; The Others)<\/p>\n\n\n\n<p>29.05.2026 Juthbacka teater, Uusikaarlepyy (with Jorma Lover &amp; The Others)<\/p>\n\n\n\n<p>30.05.2026 Levykauppa 33 RPM, Kokkola <\/p>\n\n\n\n<p>05.06.2026 Villa Smeds, Vantaa (private)<\/p>\n\n\n\n<p>06.06.2026 Pub &amp; Bar Hallinkulma, Hamina<\/p>\n\n\n\n<p>11.06.2026 Villa Smeds, Vantaa (private)<\/p>\n\n\n\n<p>13.06.2026 Saarifest, Haapavesi (With Topi Suuronen)<\/p>\n\n\n\n<p>13.06.2026 Saarifest, Haapavesi<\/p>\n\n\n\n<p>27.06.2026 W\u00e4fvars Caf\u00e9 &amp; Pub, Sarfsal\u00f6<\/p>\n\n\n\n<p>01.07.2026 Road Cafe Yttis, Dragsfj\u00e4rd<\/p>\n\n\n\n<p>03.07.2026 Kymi Kantri, Myllykoski <\/p>\n\n\n\n<p>04.07.2026 Country Villa Festival, Vantaa (The Finnish Highwaymen)<\/p>\n\n\n\n<p>04.07.2026 Country Villa Festival, Vantaa (Larry Peninsula Band)<\/p>\n\n\n\n<p>17.07.2026 Bussfest, Merikarvia<\/p>\n\n\n\n<p>18.07.2026 R\u00f6\u00f6l\u00e4n sillisatama, R\u00f6\u00f6l\u00e4 (Topi Suuronen &amp; Rodeo -keikka!)<\/p>\n\n\n\n<p>22.07.2026 Juurikkasaari, Jyv\u00e4skyl\u00e4<\/p>\n\n\n\n<p>25.07.2026 Kantri Fest, Orimattila<\/p>\n\n\n\n<p>01.08.2026 Public House Huurre, Tampere<\/p>\n\n\n\n<p>05.08.2026 Iltatori, Uusikaupunki <\/p>\n\n\n\n<p>07.08.2026 Gustavelund, Tuusula<\/p>\n\n\n\n<p>08.08.2026 Private, Lahti (The Finnish Highwaymen)<\/p>\n\n\n\n<p>15.08.2026 Toppila klubi, (Larry Peninsula 40-vuotisjuhlakeikka)<\/p>\n\n\n\n<p>21.08.2026 Visagino Country Festival, Lithuania<\/p>\n\n\n\n<p>22.08.2026 Semifinal, Helsinki (Larry Peninsula 40-vuotisjuhlakeikka)<\/p>\n\n\n\n<p>26.09.2026 Kantrikukko-festivaali, Laitila<\/p>\n\n\n\n<p>20.10.2026 TBA, Helsinki<\/p>\n\n\n\n<p><strong>2025<\/strong><\/p>\n\n\n\n<p>08.03.2025 Lasso Store, Helsinki<\/p>\n\n\n\n<p>15.03.2025 Hangon kaupungintalo, Hanko <\/p>\n\n\n\n<p>22.03.2025 Scotland Yard, Tallinn, Estonia (band)<\/p>\n\n\n\n<p>23.03.2025 Chicago 1933, Tallinn, Estonia (solo)<\/p>\n\n\n\n<p>06.04.2025 Helsinki Ink, Kaapelitehdas, Helsinki<\/p>\n\n\n\n<p>12.04.2025 Lohja (Private)<\/p>\n\n\n\n<p>17.04.2025 Semifinal, Helsinki (The Finnish Highwaymen)<\/p>\n\n\n\n<p>26.04.2025 Spa Hotel Runni, Iisalmi<\/p>\n\n\n\n<p>03.05.2025 Trigger Saloon (Willie Nelson&#8217;s 92th Birthday party), Helsinki (The Finnish Highwaymen)<\/p>\n\n\n\n<p>10.05.2025 Siipisaluuna, Lemp\u00e4\u00e4l\u00e4<\/p>\n\n\n\n<p>17.05.2025 Henry&#8217;s Music Bar, Helsinki<\/p>\n\n\n\n<p>31.05.2025 Bierhaus Berlin (Tripla), Helsinki<\/p>\n\n\n\n<p>07.06.2025 W\u00e4fvars Caf\u00e9 &amp; Pub, H\u00e4rk\u00e4p\u00e4\u00e4<\/p>\n\n\n\n<p>13.06.2025 Grill Chill Fest, Nokian Panimo, Nokia<\/p>\n\n\n\n<p>14.06.2025 MC R\u00e4nni, Helsinki<\/p>\n\n\n\n<p>20.06.2025 Haltiala, Helsinki (Duo with Topi Suuronen)<\/p>\n\n\n\n<p>28.06.2025 Hauhia Kantri, Hauhia (backing up Topi Suuronen)<\/p>\n\n\n\n<p>________________________________________________________________<\/p>\n\n\n\n<p><strong>LATVIA 2025<\/strong><\/p>\n\n\n\n<p>04.07.2025 Izgar\u0161o Kantri Latgale, Kraslava, Latvia (With Andis Retejums)<\/p>\n\n\n\n<p>04.07.2025 Izgar\u0161o Kantri Latgale, Kraslava, Latvia (With Shota Adamashvili)<\/p>\n\n\n\n<p>05.07.2025 Izgar\u0161o Kantri Latgale, Kraslava, Latvia<\/p>\n\n\n\n<p>________________________________________________________________<\/p>\n\n\n\n<p>09.07.2025 Koskenkorvan Trahteeri, Koskenkorva<\/p>\n\n\n\n<p>19.07.2025 V\u00e4\u00e4rinjoki Vintage Festival, Haapaj\u00e4rvi<\/p>\n\n\n\n<p>26.07.2025 Haywater Country Music Festival, Hein\u00e4vesi<\/p>\n\n\n\n<p>31.07.2025 Kontulan seniorikeskus, Helsinki<\/p>\n\n\n\n<p>02.08.2025 Private, Kouvola<\/p>\n\n\n\n<p>07.08.2025 Haltiala, Helsinki (Suuronen &amp; Peninsula)<\/p>\n\n\n\n<p>08.08.2025 Haltiala Hayride, Helsinki (as a member of Topi Suuronen &amp; Rodeo)<\/p>\n\n\n\n<p>09.08.2025 Haltiala Hayride, Helsinki (Larry Peninsula duo)<\/p>\n\n\n\n<p>16.08.2025 Private, J\u00e4rvenp\u00e4\u00e4<\/p>\n\n\n\n<p>___________________________________________________________________________<\/p>\n\n\n\n<p><strong>GERMANY 2025<\/strong><\/p>\n\n\n\n<p>19.08.2025 FREUNDLICH+KOMPETENT, Hamburg, Germany<\/p>\n\n\n\n<p>21.08.2025 Yamacito Seafood Bar, Sankt Peter-Ording, Germany<\/p>\n\n\n\n<p>23.08.2025 The Shakespeare Pub, Herdecke, Germany<\/p>\n\n\n\n<p>___________________________________________________________________________<\/p>\n\n\n\n<p>30.08.2025 Karvilan Kisala, Enonkoski<\/p>\n\n\n\n<p>05.09.2025 Ravintola Sarkka, Oulu<\/p>\n\n\n\n<p>06.09.2025 Private, Oulu<\/p>\n\n\n\n<p>17.09.2025 On The Rocks, Helsinki (Opening for Ward Hayden &amp; The Outliers)<\/p>\n\n\n\n<p>23.09.2025 Private, Tampere<\/p>\n\n\n\n<p>02.-05.10.2025 Texas Sounds International Country Music Awards, Marshall TX, USA<\/p>\n\n\n\n<p>18.10.2025 Pub Albert &amp; Eduard, Kotka<\/p>\n\n\n\n<p>25.10.2025 Ravintola Huttula, Joutsa (Duo with Topi Suuronen)<\/p>\n\n\n\n<p>28.10.2025 Mika J\u00e4rvinen 60 vuotta, Tavastia, Helsinki<\/p>\n\n\n\n<p>15.11.2025 Roll FM Kantriristeily Viking Line, Helsinki<\/p>\n\n\n\n<p>05.12.2025 Boothill, Helsinki<\/p>\n\n\n\n<p>12.12.2025 Tirra, Lahti (Roots and Boots club -vierailu)<\/p>\n\n\n\n<p><strong>2024<\/strong><\/p>\n\n\n\n<p><\/p>\n\n\n\n<p>01.01.2024 Tenho Restobar, Helsinki (Hank Williams tribute)<\/p>\n\n\n\n<p>13.04.2024 Walter&#8217;s Pub, Tyrw\u00e4\u00e4 (solo)<\/p>\n\n\n\n<p>18.04.2024 Mobilia-museo, Kangasala (private)<\/p>\n\n\n\n<p>19.04.2024 Kannelkrouvi, Helsinki (as a member of Topi Suuronen &amp; Rodeo!)<\/p>\n\n\n\n<p>20.04.2024 Tirra, Lahti (+Topi Suuronen &amp; Rodeo)<\/p>\n\n\n\n<p>03.05.2024 Scotland Yard, Tallinn, Estonia<\/p>\n\n\n\n<p>04.05.2024 Scotland Yard, Tallinn, Estonia<\/p>\n\n\n\n<p>11.05.2024 Siipisaluuna, Lemp\u00e4\u00e4l\u00e4 (solo)<\/p>\n\n\n\n<p>17.05.2024 The Yard, Karjaa (solo)<\/p>\n\n\n\n<p>01.06.2024 Loviisa (solo)<\/p>\n\n\n\n<p>08.06.2024 Veikkolan Yl\u00e4baari, Veikkola (Duo show with Sam Ranieri)<\/p>\n\n\n\n<p>________________________________________________________________________________________<\/p>\n\n\n\n<p><strong>BULGARIA SHOWS<\/strong><\/p>\n\n\n\n<p>12.06.2024 Club Live &amp; Loud, Sofia, Bulgaria<\/p>\n\n\n\n<p>13.06.2024 Delta Blues Bar, Sofia, Bulgaria<\/p>\n\n\n\n<p>________________________________________________________________________________________<\/p>\n\n\n\n<p>03.07.2024 Storyville, Helsinki (The Finnish Highwaymen)<\/p>\n\n\n\n<p>05.07.2024 Haltiala, Helsinki<\/p>\n\n\n\n<p>06.07.2024 Kymikantri, Myllykoski (The Finnish Highwaymen)<\/p>\n\n\n\n<p>11.07.2024 Willi L\u00e4nsi, Himos<\/p>\n\n\n\n<p>25.07.2024 On The Rocks, Helsinki (Opening for Drake Milligan!)<\/p>\n\n\n\n<p>02.08.2024 Sarkka, Oulu<\/p>\n\n\n\n<p>03.08.2024 Loistofestarit, Pudasj\u00e4rvi<\/p>\n\n\n\n<p>09.08.2024 Kes\u00e4terassi Malia, Mikkeli<\/p>\n\n\n\n<p>10.08.2024 Birsdans, Parainen<\/p>\n\n\n\n<p>________________________________________________________________________________________<\/p>\n\n\n\n<p><strong>THE BALTIC TOUR<\/strong><\/p>\n\n\n\n<p>21.08.2024 Distillers Republic, Riga, Latvia<\/p>\n\n\n\n<p>22.08.2024 Bruzis Manufaktura, Riga, Latvia<\/p>\n\n\n\n<p>23.08.2024 Paviljonas, Vilnius, Lithuania<\/p>\n\n\n\n<p>24.08.2024 Kurpiai, Klaipeda, Lithuania<\/p>\n\n\n\n<p>25.08.2024 Red Sun Buffet, Liepaja, Latvia<\/p>\n\n\n\n<p>26.08.2024 Red Sun Buffet, Liepaja, Latvia (duo with Shota Adamashvili)<\/p>\n\n\n\n<p>________________________________________________________________________________________<\/p>\n\n\n\n<p>07.09.2024 Henry&#8217;s Music Bar, Helsinki <\/p>\n\n\n\n<p>11.09.2024 Bar Mendocino, Helsinki (Honky Tonk Wednesday)<\/p>\n\n\n\n<p>26.09.2024 Malmitalo, Helsinki (Opening for Ward Hayden &amp; The Outliers) <a href=\"https:\/\/www.malmitalo.fi\/fi\/tapahtumat\/event\/40A7DB7D4D3C907DBC0AA32A978E3BBE\/Ward_Hayden_US_\" data-type=\"link\" data-id=\"https:\/\/www.malmitalo.fi\/fi\/tapahtumat\/event\/40A7DB7D4D3C907DBC0AA32A978E3BBE\/Ward_Hayden_US_\">Buy Tickets<\/a><\/p>\n\n\n\n<p>04.10.2024 Bar Kotelo, Tampere<\/p>\n\n\n\n<p>15.10.2024 Storyville, Helsinki (Roots Tuesday)<\/p>\n\n\n\n<p>23.10.2024 Mendocino, Helsinki (Honky Tonk Wednesday)<\/p>\n\n\n\n<p>25.10.2024 Old Town Public House, Porvoo<\/p>\n\n\n\n<p>07.11.2024 Paapan Kapakka, Tampere (Country Club)<\/p>\n\n\n\n<p>08.11.2024 Ravintola Kairo, Kotka<\/p>\n\n\n\n<p>16.11.2024 Pub Pikku Pete, Yl\u00f6j\u00e4rvi (with JYK\u00c4)<\/p>\n\n\n\n<p>20.11.2024 Private event, Helsinki<\/p>\n\n\n\n<p>26.11.2024 Kampin palvelukeskus, Helsinki <\/p>\n\n\n\n<p>28.11.2024 SAM Helsinki Thanksgiving Dinner, Helsinki<\/p>\n\n\n\n<p>_________________________________________________________________________________________<\/p>\n\n\n\n<p><strong>Gran Canaria Tour<\/strong><\/p>\n\n\n\n<p>09.12.2024 Iskelm\u00e4baari, Play Del Ingles<\/p>\n\n\n\n<div class=\"wp-block-group\"><div class=\"wp-block-group__inner-container is-layout-constrained wp-block-group-is-layout-constrained\">\n<p>10.12.2024 Pappatunturi, Puerto Rico<\/p>\n\n\n\n<p>12.12.2024 The 19th Tee, Playa Del Cura<\/p>\n\n\n\n<p>13.12.2024 Iskelm\u00e4baari, Play Del Ingles<\/p>\n\n\n\n<p>14.12.2024 Imaginario Drinks &amp; Music, Las Palmas<\/p>\n\n\n\n<p>_________________________________________________________________________________________<\/p>\n<\/div><\/div>\n\n\n\n<p><strong>2023<\/strong><\/p>\n\n\n\n<p>08.02.2023 Honky-Tonk Wednesday, Helsinki (With Shota Adamashvili)<\/p>\n\n\n\n<p>09.02.2023 Savoy, Helsinki (Mikko Alatalo 70+ show)<\/p>\n\n\n\n<p>22.03.2023 Honky-Tonk Wednesday, Bar Mendocino, Helsinki<\/p>\n\n\n\n<p>15.03.2023 Honky-Tonk Wednesday, Bar Mendocino, Helsinki<\/p>\n\n\n\n<p>04.04.2023 Storyville, Helsinki (with Tuomas Metsberg\u2019s House Band)<\/p>\n\n\n\n<p>26.04.2023 Honky-Tonk Wednesday, Helsinki<\/p>\n\n\n\n<p>28.04.2023 Willie Nelson&#8217;s 90 Year Birthday Bash, Vuotalo, Helsinki (<a href=\"https:\/\/www.lippu.fi\/event\/willie-nelson-90-year-birthday-bash-special-vuotalo-16784560\/?fbclid=IwAR2TnIKhTwpmwL_mHekNBEXyD78MBquyfwJSRO9AyJbEV64xJLe0UUUFZc8\" data-type=\"URL\" data-id=\"https:\/\/www.lippu.fi\/event\/willie-nelson-90-year-birthday-bash-special-vuotalo-16784560\/?fbclid=IwAR2TnIKhTwpmwL_mHekNBEXyD78MBquyfwJSRO9AyJbEV64xJLe0UUUFZc8\">Buy tickets<\/a>)<\/p>\n\n\n\n<p>29.04.2023 Highwaymen tribute show, Helsinki&nbsp;<\/p>\n\n\n\n<p>26.05.2023 Kupittaan paviljonki, Turku<\/p>\n\n\n\n<p>10.06.2023 Hauhian Mylly, Miehikk\u00e4l\u00e4 <\/p>\n\n\n\n<p>22.06.2023 Mad Murphy&#8217;s, Tallinn, Estonia (With Shota Adamashvili)<\/p>\n\n\n\n<p>25.06.2023 Storyville, Helsinki<\/p>\n\n\n\n<p>30.06.2023 Makasiinitanssit, Jokioinen <\/p>\n\n\n\n<p>08.07.2023 Kullaa Rock&#8217;n&#8217;Roll Rumble, Kullaa<\/p>\n\n\n\n<p>29.07.2023 Matkakoti Taikay\u00f6, Veikkola <\/p>\n\n\n\n<p>04.08.2023 Puutori, Turku (+Sam Ranieri Band)<\/p>\n\n\n\n<p>06.08.2023 Storyville, Helsinki (Highwaymen tribute)<\/p>\n\n\n\n<p>09.08.2023 Bar Mendocino, Helsinki (with Shota Adamashvili)<\/p>\n\n\n\n<p>12.08.2023 Haltiala Hayride, Helsinki<\/p>\n\n\n\n<p>18.08.2023 R3 Festival, Kangasala (Willie Nelson tribute)<\/p>\n\n\n\n<p>________________________________________________________________________________________<\/p>\n\n\n\n<p><strong>LATVIA TOUR<\/strong><\/p>\n\n\n\n<p>25.08.2023 Br\u016bzis Manufaktura, Riga, Latvia (solo)<\/p>\n\n\n\n<p>26.08.2023 Ez\u012btis Migl\u0101, Riga, Latvia (solo)<\/p>\n\n\n\n<p>27.08.2023 Red Sun Buffet, Liepaja, Latvia (solo)<\/p>\n\n\n\n<p>________________________________________________________________________________________<\/p>\n\n\n\n<p>07.09.2023 Paapan Kapakka, Tampere (Country Club)<\/p>\n\n\n\n<p>12.09.2023 Tavastia, Helsinki (as a member of Rodeo Band)<\/p>\n\n\n\n<p>16.09.2023 Pub Artturi, J\u00e4rvenp\u00e4\u00e4 (Hank Williams 100 years tribute) Many performers!<\/p>\n\n\n\n<p>07.10.2023 Veikkolan Yl\u00e4baari, Veikkola (solo)<\/p>\n\n\n\n<p>03.11.2023 Veikkola Pub, Veikkola (solo) opening for Larry Sandman trio<\/p>\n\n\n\n<p>10.11.2023 Ravintola Kairo, Kotka <\/p>\n\n\n\n<p>11.11.2023 The Yard, Karjaa (solo)<\/p>\n\n\n\n<p>24.11.2023 Kerhola, Nokia (Opening for Steve &#8216;n&#8217; Seagulls)<\/p>\n\n\n\n<p>02.12.2023 Bistro &amp; Bar, Neilikka, Helsinki<\/p>\n\n\n\n<p>16.12.2023 Henry&#8217;s Pub, Helsinki (solo)<\/p>\n\n\n\n<p><\/p>\n\n\n\n<p><\/p>\n","protected":false},"excerpt":{"rendered":"<p>2026 01.01.2026 Hank Williams tribute, Mendocino, Helsinki 24.01.2026 Kairo, Kotka (The Finnish Highwaymen) 17.02.2026 Semifinal, Helsinki (The Werewolves of Helsinki show) 19.02.2026 Chicago 1933, Tallinn, Estonia 20.02.2026 Scotland Yard, Tallinn, Estonia 21.02.2026 Sellosalin l\u00e4mpi\u00f6klubi, Espoo (The Finnish Highwaymen) 19.03.2026 On The Rocks, Helsinki (Opening for Hayseed Dixie) 02.04.2026 Paapan Kapakka, Tampere (Country Club -vierailu) 04.04.2026&#8230;<\/p>\n","protected":false},"author":1,"featured_media":0,"parent":0,"menu_order":0,"comment_status":"closed","ping_status":"closed","template":"","meta":{"footnotes":""},"class_list":["post-70","page","type-page","status-publish","hentry"],"_links":{"self":[{"href":"https:\/\/larrypeninsula.com\/index.php?rest_route=\/wp\/v2\/pages\/70","targetHints":{"allow":["GET"]}}],"collection":[{"href":"https:\/\/larrypeninsula.com\/index.php?rest_route=\/wp\/v2\/pages"}],"about":[{"href":"https:\/\/larrypeninsula.com\/index.php?rest_route=\/wp\/v2\/types\/page"}],"author":[{"embeddable":true,"href":"https:\/\/larrypeninsula.com\/index.php?rest_route=\/wp\/v2\/users\/1"}],"replies":[{"embeddable":true,"href":"https:\/\/larrypeninsula.com\/index.php?rest_route=%2Fwp%2Fv2%2Fcomments&post=70"}],"version-history":[{"count":168,"href":"https:\/\/larrypeninsula.com\/index.php?rest_route=\/wp\/v2\/pages\/70\/revisions"}],"predecessor-version":[{"id":715,"href":"https:\/\/larrypeninsula.com\/index.php?rest_route=\/wp\/v2\/pages\/70\/revisions\/715"}],"wp:attachment":[{"href":"https:\/\/larrypeninsula.com\/index.php?rest_route=%2Fwp%2Fv2%2Fmedia&parent=70"}],"curies":[{"name":"wp","href":"https:\/\/api.w.org\/{rel}","templated":true}]}}